{"id":257,"date":"2021-09-28T16:30:33","date_gmt":"2021-09-28T14:30:33","guid":{"rendered":"https:\/\/cal-win.ch\/?page_id=257"},"modified":"2021-10-21T14:15:14","modified_gmt":"2021-10-21T12:15:14","slug":"home","status":"publish","type":"page","link":"https:\/\/cal-win.ch\/","title":{"rendered":"CALwin GmbH"},"content":{"rendered":"\n<h3 class=\"has-medium-font-size wp-block-heading\">Mein Motto:  von  <span style=\"color:#006666\" class=\"has-inline-color\"> <em>A-S<\/em><\/span>  alles aus einer Hand<\/h3>\n\n\n\n<p class=\"has-text-align-left has-normal-font-size\">Von  <span style=\"color:#516d79\" class=\"has-inline-color\"><em><strong>A<\/strong><\/em><\/span>dministration, Beratung, Finanzen, Lohn bis und mit  <span style=\"color:#006666\" class=\"has-inline-color\"><em><strong>S<\/strong><\/em><\/span>ervice<br>biete ich alles aus einer Hand. Als gelernte Finanz- und Lohnbuchhalterin<br>blicke ich zur\u00fcck auf eine lange Berufserfahrung in verschiedenen Unternehmen.<\/p>\n\n\n\n<p class=\"has-normal-font-size\"><strong>Kann ich Dich unterst\u00fctzen?<\/strong><\/p>\n\n\n\n<p class=\"has-normal-font-size\">Gerne bin ich f\u00fcr Dich da unter:<\/p>\n\n\n\n<p class=\"has-normal-font-size\"><\/p>\n\n\n\n<p class=\"has-text-color\" style=\"color:#006666\"><\/p>\n\n\n\n<figure class=\"wp-block-image size-full is-resized\"><img loading=\"lazy\" decoding=\"async\" src=\"https:\/\/cal-win.ch\/wp-content\/uploads\/2021\/09\/CAL_Signet.png\" alt=\"\" class=\"wp-image-287\" width=\"122\" height=\"61\"\/><\/figure>\n\n\n\n<p class=\"has-small-font-size\"><strong><span style=\"color:#006666\" class=\"has-inline-color\">CALwin GmbH<\/span><\/strong><br>Kanzleistrasse 34 <br>8405 Winterthur<br>Telefon: +41 (0) 79 671 17 58<\/p>\n\n\n\n<p class=\"has-small-font-size\">Mail:  <a href=\"mailto:service@cal-win.ch\">mailto:service@cal-win.ch<\/a><\/p>\n\n\n\n<p class=\"has-drop-cap\"><\/p>\n\n\n\n<p><\/p>\n","protected":false},"excerpt":{"rendered":"<p>Mein Motto: von A-S alles aus einer Hand Von Administration, Beratung, Finanzen, Lohn bis und mit Servicebiete ich alles aus einer Hand. Als gelernte Finanz- und Lohnbuchhalterinblicke ich zur\u00fcck auf eine lange Berufserfahrung in verschiedenen Unternehmen. Kann ich Dich unterst\u00fctzen? Gerne bin ich f\u00fcr Dich da unter: CALwin GmbHKanzleistrasse 34 8405 WinterthurTelefon: +41 (0) 79 &hellip; <\/p>\n","protected":false},"author":1,"featured_media":390,"parent":0,"menu_order":0,"comment_status":"closed","ping_status":"closed","template":"","meta":{"footnotes":""},"class_list":["post-257","page","type-page","status-publish","has-post-thumbnail","hentry"],"_links":{"self":[{"href":"https:\/\/cal-win.ch\/index.php\/wp-json\/wp\/v2\/pages\/257","targetHints":{"allow":["GET"]}}],"collection":[{"href":"https:\/\/cal-win.ch\/index.php\/wp-json\/wp\/v2\/pages"}],"about":[{"href":"https:\/\/cal-win.ch\/index.php\/wp-json\/wp\/v2\/types\/page"}],"author":[{"embeddable":true,"href":"https:\/\/cal-win.ch\/index.php\/wp-json\/wp\/v2\/users\/1"}],"replies":[{"embeddable":true,"href":"https:\/\/cal-win.ch\/index.php\/wp-json\/wp\/v2\/comments?post=257"}],"version-history":[{"count":45,"href":"https:\/\/cal-win.ch\/index.php\/wp-json\/wp\/v2\/pages\/257\/revisions"}],"predecessor-version":[{"id":480,"href":"https:\/\/cal-win.ch\/index.php\/wp-json\/wp\/v2\/pages\/257\/revisions\/480"}],"wp:featuredmedia":[{"embeddable":true,"href":"https:\/\/cal-win.ch\/index.php\/wp-json\/wp\/v2\/media\/390"}],"wp:attachment":[{"href":"https:\/\/cal-win.ch\/index.php\/wp-json\/wp\/v2\/media?parent=257"}],"curies":[{"name":"wp","href":"https:\/\/api.w.org\/{rel}","templated":true}]}}