{"id":148,"date":"2021-09-09T14:36:16","date_gmt":"2021-09-09T12:36:16","guid":{"rendered":"https:\/\/cal-win.ch\/?page_id=148"},"modified":"2021-10-21T14:32:34","modified_gmt":"2021-10-21T12:32:34","slug":"theaterregie-2","status":"publish","type":"page","link":"https:\/\/cal-win.ch\/index.php\/theaterregie-2\/","title":{"rendered":"Theater-Regie"},"content":{"rendered":"\n<p><strong>Ausbildung<\/strong><\/p>\n\n\n\n<ul class=\"has-small-font-size wp-block-list\"><li>Regiekurs (J\u00fcrg C. Meier, Z\u00fcrich)<\/li><li>Beleuchtungskurse (ZSV, Z\u00fcrich)<\/li><li>Atem-Stimme-K\u00f6rpersprache (ZSV)<\/li><li>Standardtanz und Steppdance<\/li><\/ul>\n\n\n\n<figure class=\"wp-block-image size-full\"><img loading=\"lazy\" decoding=\"async\" width=\"615\" height=\"258\" src=\"https:\/\/cal-win.ch\/wp-content\/uploads\/2021\/09\/Charlie.png\" alt=\"\" class=\"wp-image-276\" srcset=\"https:\/\/cal-win.ch\/wp-content\/uploads\/2021\/09\/Charlie.png 615w, https:\/\/cal-win.ch\/wp-content\/uploads\/2021\/09\/Charlie-300x126.png 300w\" sizes=\"auto, (max-width: 615px) 100vw, 615px\" \/><\/figure>\n\n\n\n<ul class=\"has-small-font-size wp-block-list\"><li>E-Mail: <a href=\"Mailto:service@cal-win.ch\">Mailto:service@cal-win.ch<\/a><\/li><\/ul>\n","protected":false},"excerpt":{"rendered":"<p>Ausbildung Regiekurs (J\u00fcrg C. Meier, Z\u00fcrich) Beleuchtungskurse (ZSV, Z\u00fcrich) Atem-Stimme-K\u00f6rpersprache (ZSV) Standardtanz und Steppdance E-Mail: Mailto:service@cal-win.ch<\/p>\n","protected":false},"author":1,"featured_media":189,"parent":0,"menu_order":0,"comment_status":"closed","ping_status":"closed","template":"","meta":{"footnotes":""},"class_list":["post-148","page","type-page","status-publish","has-post-thumbnail","hentry"],"_links":{"self":[{"href":"https:\/\/cal-win.ch\/index.php\/wp-json\/wp\/v2\/pages\/148","targetHints":{"allow":["GET"]}}],"collection":[{"href":"https:\/\/cal-win.ch\/index.php\/wp-json\/wp\/v2\/pages"}],"about":[{"href":"https:\/\/cal-win.ch\/index.php\/wp-json\/wp\/v2\/types\/page"}],"author":[{"embeddable":true,"href":"https:\/\/cal-win.ch\/index.php\/wp-json\/wp\/v2\/users\/1"}],"replies":[{"embeddable":true,"href":"https:\/\/cal-win.ch\/index.php\/wp-json\/wp\/v2\/comments?post=148"}],"version-history":[{"count":6,"href":"https:\/\/cal-win.ch\/index.php\/wp-json\/wp\/v2\/pages\/148\/revisions"}],"predecessor-version":[{"id":492,"href":"https:\/\/cal-win.ch\/index.php\/wp-json\/wp\/v2\/pages\/148\/revisions\/492"}],"wp:featuredmedia":[{"embeddable":true,"href":"https:\/\/cal-win.ch\/index.php\/wp-json\/wp\/v2\/media\/189"}],"wp:attachment":[{"href":"https:\/\/cal-win.ch\/index.php\/wp-json\/wp\/v2\/media?parent=148"}],"curies":[{"name":"wp","href":"https:\/\/api.w.org\/{rel}","templated":true}]}}